{"id":10,"date":"2017-06-27T10:37:25","date_gmt":"2017-06-27T10:37:25","guid":{"rendered":"http:\/\/yweb.yasp.at\/web\/rbg\/?page_id=10"},"modified":"2026-02-19T13:59:22","modified_gmt":"2026-02-19T13:59:22","slug":"angebote","status":"publish","type":"page","link":"https:\/\/www.rbg.info\/index.php\/angebote\/","title":{"rendered":"Angebote"},"content":{"rendered":"<div class=\"text-content\">\n<p>Zu den Kurzinformationen auf den nachfolgenden Seiten k\u00f6nnen Sie eine kleine Auswahl von Informationsbl\u00e4tter (pdf) oder Muster (Word, Excel) direkt zur Weiterbearbeitung auf Ihrem PC downloaden:<\/p>\n<h2>Vorlagen, Muster:<\/h2>\n<ul>\n<li><a href=\"http:\/\/www.rbg.info\/wp-content\/uploads\/2017\/10\/Grundaufzeichnung.docx\">Grundaufzeichnung<\/a><\/li>\n<li><a href=\"http:\/\/www.rbg.info\/wp-content\/uploads\/2017\/10\/Anlagenverzeichnis.xlsx\">Anlagenverzeichnis<\/a><\/li>\n<li><a href=\"http:\/\/www.rbg.info\/wp-content\/uploads\/2017\/10\/Reisekostenabrechnung.xlsx\">Reisekostenabrechnung<\/a><\/li>\n<li><a href=\"http:\/\/ww.rbg.info\/wp-content\/uploads\/2017\/10\/EinnahmenAusgabenrechnung.xls\">Einnahmen-Ausgaben-Rechnung<\/a><\/li>\n<li><a href=\"http:\/\/www.rbg.info\/wp-content\/uploads\/2017\/10\/VerhaltenskodexBetriebsprufung.doc\">Verhaltenskodex f\u00fcr Betriebspr\u00fcfungen<\/a><\/li>\n<\/ul>\n<h2>Vereine spezial:<\/h2>\n<ul>\n<li><a href=\"http:\/\/www.rbg.info\/wp-content\/uploads\/2017\/10\/Pru\u0308fungsgrundlagen.xlsx\">Pr\u00fcfungsgrundlagen<\/a><\/li>\n<li><a href=\"http:\/\/www.rbg.info\/wp-content\/uploads\/2017\/10\/Rechenschaftsbericht.xlsx\">Rechenschaftsbericht, Verm\u00f6gensrechnung \/ Vereine<\/a><\/li>\n<li>Anzeige von Statuten\u00e4nderung<\/li>\n<li>Wahlanzeige an die Vereinsbeh\u00f6rde<\/li>\n<li>Finanzbericht f\u00fcr Spendeng\u00fctesiegel \/ Vereine<\/li>\n<li><a href=\"http:\/\/www.rbg.info\/wp-content\/uploads\/2017\/10\/CheckMildta\u0308tigkeit.xls\">Checkliste Mildt\u00e4tigkeit f\u00fcr steuerliche Absetzbarkeit \/ Vereine<\/a><\/li>\n<li>Vereinbarung f\u00fcr sozialversicherungsfreie Leistungen<\/li>\n<li><a href=\"http:\/\/www.rbg.info\/wp-content\/uploads\/2017\/10\/AntragVergabeSpendengu\u0308tesiegel.doc\">Antrag auf Vergabe Spendeng\u00fctesiegel<\/a><\/li>\n<li>Auftrag an die RBG GmbH zur Pr\u00fcfung der Voraussetzungen hiezu<\/li>\n<li>Antrag auf Aufnahme in die Liste zur steuerlichen Absetzbarkeit von Spenden gem. \u00a7 4a (2) EStG<\/li>\n<li><a href=\"http:\/\/www.rbg.info\/wp-content\/uploads\/2017\/10\/steuerrechtl_anamnese.pdf\">Steuerrechtliche Anamnese<\/a><\/li>\n<li><a href=\"http:\/\/www.rbg.info\/wp-content\/uploads\/2017\/10\/Begleitdokumentation.pdf\">Steuerrechtliche Begleitdokumentation<\/a><\/li>\n<li><a href=\"http:\/\/www.rbg.info\/wp-content\/uploads\/2017\/10\/PreislisteVer.xls\">RBG-Preisliste Vereine<\/a><\/li>\n<\/ul>\n<p>Bei Fragen zu den obenstehenden Downloads oder den folgenden Seiten k\u00f6nnen Sie uns jederzeit \u00fcber unser Direktmail im Kontaktbereich oder per E-Mail an <strong data-start=\"152\" data-end=\"171\"><a class=\"decorated-link cursor-pointer\" rel=\"noopener\" data-start=\"154\" data-end=\"169\" data-is-only-node=\"\">office@rbg.info<\/a><\/strong> erreichen.<\/p>\n<\/div>\n","protected":false},"excerpt":{"rendered":"Zu den Kurzinformationen auf den nachfolgenden Seiten k\u00f6nnen Sie eine kleine Auswahl von Informationsbl\u00e4tter (pdf) oder Muster (Word, Excel) direkt zur Weiterbearbeitung auf Ihrem PC downloaden: Vorlagen, Muster: Grundaufzeichnung Anlagenverzeichnis Reisekostenabrechnung Einnahmen-Ausgaben-Rechnung Verhaltenskodex f\u00fcr Betriebspr\u00fcfungen Vereine spezial: Pr\u00fcfungsgrundlagen Rechenschaftsbericht, Verm\u00f6gensrechnung \/ Vereine Anzeige von Statuten\u00e4nderung Wahlanzeige an die Vereinsbeh\u00f6rde Finanzbericht f\u00fcr Spendeng\u00fctesiegel \/ Vereine Checkliste&#8230; <a class=\"view-article\" href=\"https:\/\/www.rbg.info\/index.php\/angebote\/\">View Article<\/a>","protected":false},"author":1,"featured_media":0,"parent":0,"menu_order":1,"comment_status":"closed","ping_status":"closed","template":"","meta":{"footnotes":""},"class_list":["post-10","page","type-page","status-publish","hentry"],"_links":{"self":[{"href":"https:\/\/www.rbg.info\/index.php\/wp-json\/wp\/v2\/pages\/10","targetHints":{"allow":["GET"]}}],"collection":[{"href":"https:\/\/www.rbg.info\/index.php\/wp-json\/wp\/v2\/pages"}],"about":[{"href":"https:\/\/www.rbg.info\/index.php\/wp-json\/wp\/v2\/types\/page"}],"author":[{"embeddable":true,"href":"https:\/\/www.rbg.info\/index.php\/wp-json\/wp\/v2\/users\/1"}],"replies":[{"embeddable":true,"href":"https:\/\/www.rbg.info\/index.php\/wp-json\/wp\/v2\/comments?post=10"}],"version-history":[{"count":7,"href":"https:\/\/www.rbg.info\/index.php\/wp-json\/wp\/v2\/pages\/10\/revisions"}],"predecessor-version":[{"id":597,"href":"https:\/\/www.rbg.info\/index.php\/wp-json\/wp\/v2\/pages\/10\/revisions\/597"}],"wp:attachment":[{"href":"https:\/\/www.rbg.info\/index.php\/wp-json\/wp\/v2\/media?parent=10"}],"curies":[{"name":"wp","href":"https:\/\/api.w.org\/{rel}","templated":true}]}}