{"id":21,"date":"2017-06-27T11:25:27","date_gmt":"2017-06-27T11:25:27","guid":{"rendered":"http:\/\/yweb.yasp.at\/web\/rbg\/?page_id=21"},"modified":"2025-11-10T21:19:00","modified_gmt":"2025-11-10T21:19:00","slug":"unsere-dienstleistungen","status":"publish","type":"page","link":"https:\/\/www.rbg.info\/index.php\/angebote\/unsere-dienstleistungen\/","title":{"rendered":"Unsere Dienstleistungen"},"content":{"rendered":"<div class=\"text-content\">\n<h2>Einzelberatung<\/h2>\n<p>Wir beraten Sie gerne in allen Angelegenheiten des Wirtschaftsrechtes, insbesondere Steuerrecht, Unternehmensrecht, Gesellschaftsrecht, Vereinsrecht, Gewerberecht, Sozialversicherungsrecht, Arbeitsrecht, Finanzstrafrecht u.a.<\/p>\n<p>Wir unterst\u00fctzen Sie dabei, Ihre Aufzeichnungen optimal zu organisieren, um den notwendigen Verwaltungsaufwand zu minimieren!<\/p>\n<h2>Vereinsberatung<\/h2>\n<\/div>\n<p>Auf Anfrage (siehe <a href=\"http:\/\/www.rbg.info\/index.php\/kontakt\/\">Kontakt<\/a>) bieten wir ein Erstgespr\u00e4ch an. Dieses Erstgespr\u00e4ch dient f\u00fcr ein allgemeines Kennenlernen und f\u00fcr ein Absch\u00e4tzen weiterer notwendiger Beratungs- und Auftragsschwerpunkte und es soll Sie bei Ihrer Entscheidung unterst\u00fctzen, ob Sie mit uns einen Beratungsprozess starten.<\/p>\n<p>Sofern ein Auftrag folgt, bieten wir Ihnen von der Erstberatung (1\/2h) gratis an!<\/p>\n<div class=\"text-content\">\n<h2>Lohnverrechnung<\/h2>\n<p>An-, Ab- und \u00c4nderungsmeldungen bei der Krankenkasse, F\u00fchrung der Lohnkonten, Auszahlungsjournal, Information \u00fcber die Einzahlung der Lohnabgaben etc. Erstellung und \u00dcbermittlung der Jahreslohnzettel, DGA- und Kommunalsteuererkl\u00e4rungen<\/p>\n<h2>Jahresabschlu\u0308sse und Jahressteuererkla\u0308rungen, Buchhaltung und Umsatzsteuervoranmeldungen u.a.<\/h2>\n<p>Nachdem Sie uns Ihre Grundaufzeichnungen \u00fcbermittelt haben, \u00fcbernehmen wir die Errechnung der monatlich oder viertelj\u00e4hrlich abzuf\u00fchrenden Umsatzsteuer (Umsatzsteuervoranmeldung) und die Erstellung der entsprechenden Jahres-Steuererkl\u00e4rungen.<\/p>\n<h2>Vertretung vor Abgabenbeh\u00f6rden<\/h2>\n<p>Wir vertreten Sie nicht nur im allta\u0308glichen Umgang mit den Beh\u00f6rden, sondern unterstu\u0308tzen Sie auch bei Finanzstrafverfahren und Betriebspru\u0308fungen. Selbstversta\u0308ndlich sind wir zu absoluter Verschwiegenheit, auch im Gerichtsverfahren, verpflichtet. Die Entbindung von dieser Verpflichtung kann nur durch Sie selbst erfolgen!<\/p>\n<\/div>\n","protected":false},"excerpt":{"rendered":"Einzelberatung Wir beraten Sie gerne in allen Angelegenheiten des Wirtschaftsrechtes, insbesondere Steuerrecht, Unternehmensrecht, Gesellschaftsrecht, Vereinsrecht, Gewerberecht, Sozialversicherungsrecht, Arbeitsrecht, Finanzstrafrecht u.a. Wir unterst\u00fctzen Sie dabei, Ihre Aufzeichnungen optimal zu organisieren, um den notwendigen Verwaltungsaufwand zu minimieren! Vereinsberatung Auf Anfrage (siehe Kontakt) bieten wir ein Erstgespr\u00e4ch an. Dieses Erstgespr\u00e4ch dient f\u00fcr ein allgemeines Kennenlernen und f\u00fcr ein&#8230; <a class=\"view-article\" href=\"https:\/\/www.rbg.info\/index.php\/angebote\/unsere-dienstleistungen\/\">View Article<\/a>","protected":false},"author":1,"featured_media":0,"parent":10,"menu_order":0,"comment_status":"closed","ping_status":"closed","template":"","meta":{"footnotes":""},"class_list":["post-21","page","type-page","status-publish","hentry"],"_links":{"self":[{"href":"https:\/\/www.rbg.info\/index.php\/wp-json\/wp\/v2\/pages\/21","targetHints":{"allow":["GET"]}}],"collection":[{"href":"https:\/\/www.rbg.info\/index.php\/wp-json\/wp\/v2\/pages"}],"about":[{"href":"https:\/\/www.rbg.info\/index.php\/wp-json\/wp\/v2\/types\/page"}],"author":[{"embeddable":true,"href":"https:\/\/www.rbg.info\/index.php\/wp-json\/wp\/v2\/users\/1"}],"replies":[{"embeddable":true,"href":"https:\/\/www.rbg.info\/index.php\/wp-json\/wp\/v2\/comments?post=21"}],"version-history":[{"count":10,"href":"https:\/\/www.rbg.info\/index.php\/wp-json\/wp\/v2\/pages\/21\/revisions"}],"predecessor-version":[{"id":595,"href":"https:\/\/www.rbg.info\/index.php\/wp-json\/wp\/v2\/pages\/21\/revisions\/595"}],"up":[{"embeddable":true,"href":"https:\/\/www.rbg.info\/index.php\/wp-json\/wp\/v2\/pages\/10"}],"wp:attachment":[{"href":"https:\/\/www.rbg.info\/index.php\/wp-json\/wp\/v2\/media?parent=21"}],"curies":[{"name":"wp","href":"https:\/\/api.w.org\/{rel}","templated":true}]}}