{"id":27,"date":"2017-06-27T11:30:48","date_gmt":"2017-06-27T11:30:48","guid":{"rendered":"http:\/\/yweb.yasp.at\/web\/rbg\/?page_id=27"},"modified":"2017-09-06T11:01:16","modified_gmt":"2017-09-06T11:01:16","slug":"verschwiegenheit","status":"publish","type":"page","link":"https:\/\/www.rbg.info\/index.php\/angebote\/verschwiegenheit\/","title":{"rendered":"Verschwiegenheit"},"content":{"rendered":"<div class=\"text-content\">\n<p>Als Mitglied der Kammer der Wirtschaftstreuh\u00e4nder unterliegen wir hinsichtlich aller Informationen \u00fcber Ihre pers\u00f6nlichen und steuerlichen Verh\u00e4ltnisse aus Vergangenheit und Zukunft einer strengen Verschwiegenheitspflicht, auch gegen\u00fcber dem Finanzamt und den Gerichten.<\/p>\n<p>Von dieser Verschwiegenheitsverpflichtung k\u00f6nnen uns nur Sie entbinden.<\/p>\n<p>Dies betrifft insbesondere auch Informationen, welche wir mit Ihrem Einverst\u00e4ndnis elektronisch per Finanzonline (siehe Men\u00fcpunkt Allgemeines) abgerufen haben.<\/p>\n<p>Zur Einhaltung, auch unserer sonstigen beruflichen Verpflichtungen (Berufsordnung der Wirtschaftstreuh\u00e4nder) bestehen\u00a0 bei der Kammer der Wirtschaftstreuh\u00e4nder disziplin\u00e4re Einrichtungen und k\u00f6nnen zu Ihrem Schutze Ma\u00dfnahmen gesetzt werden.<\/p>\n<\/div>\n","protected":false},"excerpt":{"rendered":"Als Mitglied der Kammer der Wirtschaftstreuh\u00e4nder unterliegen wir hinsichtlich aller Informationen \u00fcber Ihre pers\u00f6nlichen und steuerlichen Verh\u00e4ltnisse aus Vergangenheit und Zukunft einer strengen Verschwiegenheitspflicht, auch gegen\u00fcber dem Finanzamt und den Gerichten. Von dieser Verschwiegenheitsverpflichtung k\u00f6nnen uns nur Sie entbinden. Dies betrifft insbesondere auch Informationen, welche wir mit Ihrem Einverst\u00e4ndnis elektronisch per Finanzonline (siehe Men\u00fcpunkt Allgemeines)&#8230; <a class=\"view-article\" href=\"https:\/\/www.rbg.info\/index.php\/angebote\/verschwiegenheit\/\">View Article<\/a>","protected":false},"author":1,"featured_media":0,"parent":10,"menu_order":3,"comment_status":"closed","ping_status":"closed","template":"","meta":{"footnotes":""},"class_list":["post-27","page","type-page","status-publish","hentry"],"_links":{"self":[{"href":"https:\/\/www.rbg.info\/index.php\/wp-json\/wp\/v2\/pages\/27","targetHints":{"allow":["GET"]}}],"collection":[{"href":"https:\/\/www.rbg.info\/index.php\/wp-json\/wp\/v2\/pages"}],"about":[{"href":"https:\/\/www.rbg.info\/index.php\/wp-json\/wp\/v2\/types\/page"}],"author":[{"embeddable":true,"href":"https:\/\/www.rbg.info\/index.php\/wp-json\/wp\/v2\/users\/1"}],"replies":[{"embeddable":true,"href":"https:\/\/www.rbg.info\/index.php\/wp-json\/wp\/v2\/comments?post=27"}],"version-history":[{"count":2,"href":"https:\/\/www.rbg.info\/index.php\/wp-json\/wp\/v2\/pages\/27\/revisions"}],"predecessor-version":[{"id":121,"href":"https:\/\/www.rbg.info\/index.php\/wp-json\/wp\/v2\/pages\/27\/revisions\/121"}],"up":[{"embeddable":true,"href":"https:\/\/www.rbg.info\/index.php\/wp-json\/wp\/v2\/pages\/10"}],"wp:attachment":[{"href":"https:\/\/www.rbg.info\/index.php\/wp-json\/wp\/v2\/media?parent=27"}],"curies":[{"name":"wp","href":"https:\/\/api.w.org\/{rel}","templated":true}]}}