{"id":35,"date":"2017-06-27T11:37:02","date_gmt":"2017-06-27T11:37:02","guid":{"rendered":"http:\/\/yweb.yasp.at\/web\/rbg\/?page_id=35"},"modified":"2017-09-06T09:38:33","modified_gmt":"2017-09-06T09:38:33","slug":"finanzonline","status":"publish","type":"page","link":"https:\/\/www.rbg.info\/index.php\/allgemeines\/finanzonline\/","title":{"rendered":"Finanzonline"},"content":{"rendered":"<div class=\"text-content\">\n<p>Als Mitglied der Kammer der Wirtschaftstreuh\u00e4nder k\u00f6nnen wir elektronisch Einsicht in die Steuerakten nehmen:<\/p>\n<p>Mit ihrem Einverst\u00e4ndnis k\u00f6nnen wir anhand Ihrer Sozialversicherungs- oder Steuer- und Finanzamtsnummer auch in Ihren Steuerakt Einsicht nehmen und Bescheide oder Korrespondenzen (zB. Erg\u00e4nzungsersuchen) des Finanzamtes online ausdrucken. F\u00fcr das laufende Jahr ergeben sich daraus Informationen, welche Kontrollmitteilungen (Lohnzettel) beim Finanzamt bereits eingelangt sind. F\u00fcr die vergangenen Jahre (bis zu f\u00fcnf Jahre zur\u00fcck) k\u00f6nnen Anhaltspunkte daf\u00fcr gewonnen werden,<\/p>\n<ul>\n<li>ob noch die M\u00f6glichkeit der Einbringung einer Arbeitnehmerveranlagung f\u00fcr Sie oder IhreN EhegattenIN bzw. PartnerIN besteht (f\u00fcr 2008 endet diese Frist mit 31.12.2013 und oder<\/li>\n<li>ob Ihre pers\u00f6nlichen Umst\u00e4nde (siehe Allgemeines) vollst\u00e4ndig zu Ihren Gunsten ber\u00fccksichtigt sind,<\/li>\n<li>ob Ihnen, wenn Sie auch Eink\u00fcnfte aus Dienstverh\u00e4ltnissen haben, seitens der Sozialversicherungsanstalt der gewerblichen Wirtschaft eine Nachtragsvorschreibung \u201eins Haus\u201c steht und<\/li>\n<li>ob durch nachtr\u00e4gliche Geltendmachung von Betriebsausgaben oder andere Gestaltungsm\u00f6glichkeiten die daf\u00fcr geltende Grenze der Eink\u00fcnfte unterschritten werden k\u00f6nnte und dadurch eine Nachtragsvorschreibung storniert oder vermieden wird<\/li>\n<\/ul>\n<\/div>\n","protected":false},"excerpt":{"rendered":"Als Mitglied der Kammer der Wirtschaftstreuh\u00e4nder k\u00f6nnen wir elektronisch Einsicht in die Steuerakten nehmen: Mit ihrem Einverst\u00e4ndnis k\u00f6nnen wir anhand Ihrer Sozialversicherungs- oder Steuer- und Finanzamtsnummer auch in Ihren Steuerakt Einsicht nehmen und Bescheide oder Korrespondenzen (zB. Erg\u00e4nzungsersuchen) des Finanzamtes online ausdrucken. F\u00fcr das laufende Jahr ergeben sich daraus Informationen, welche Kontrollmitteilungen (Lohnzettel) beim Finanzamt&#8230; <a class=\"view-article\" href=\"https:\/\/www.rbg.info\/index.php\/allgemeines\/finanzonline\/\">View Article<\/a>","protected":false},"author":1,"featured_media":0,"parent":31,"menu_order":1,"comment_status":"closed","ping_status":"closed","template":"","meta":{"footnotes":""},"class_list":["post-35","page","type-page","status-publish","hentry"],"_links":{"self":[{"href":"https:\/\/www.rbg.info\/index.php\/wp-json\/wp\/v2\/pages\/35","targetHints":{"allow":["GET"]}}],"collection":[{"href":"https:\/\/www.rbg.info\/index.php\/wp-json\/wp\/v2\/pages"}],"about":[{"href":"https:\/\/www.rbg.info\/index.php\/wp-json\/wp\/v2\/types\/page"}],"author":[{"embeddable":true,"href":"https:\/\/www.rbg.info\/index.php\/wp-json\/wp\/v2\/users\/1"}],"replies":[{"embeddable":true,"href":"https:\/\/www.rbg.info\/index.php\/wp-json\/wp\/v2\/comments?post=35"}],"version-history":[{"count":2,"href":"https:\/\/www.rbg.info\/index.php\/wp-json\/wp\/v2\/pages\/35\/revisions"}],"predecessor-version":[{"id":108,"href":"https:\/\/www.rbg.info\/index.php\/wp-json\/wp\/v2\/pages\/35\/revisions\/108"}],"up":[{"embeddable":true,"href":"https:\/\/www.rbg.info\/index.php\/wp-json\/wp\/v2\/pages\/31"}],"wp:attachment":[{"href":"https:\/\/www.rbg.info\/index.php\/wp-json\/wp\/v2\/media?parent=35"}],"curies":[{"name":"wp","href":"https:\/\/api.w.org\/{rel}","templated":true}]}}