{"id":4,"date":"2017-06-27T08:39:29","date_gmt":"2017-06-27T08:39:29","guid":{"rendered":"http:\/\/yweb.yasp.at\/web\/rbg\/?page_id=4"},"modified":"2024-09-19T15:12:57","modified_gmt":"2024-09-19T15:12:57","slug":"home","status":"publish","type":"page","link":"https:\/\/www.rbg.info\/","title":{"rendered":"Home"},"content":{"rendered":"<h1><span class=\"nodeLabelBox repTarget \" role=\"treeitem\"><span class=\"nodeText editable \"><span class=\" \">Vereine, Freiberufler\/innen, K\u00fcnstler\/innen&#8230;<\/span><\/span><\/span><\/h1>\n<p>Vereinsberatung ist unsere Spezialit\u00e4t, aber auch Beratung in Steuer- und Sozialversicherungsangelegenheiten, in betriebswirtschaftlichen und gesellschaftsrechtlichen Fragen, Erstellen von Einnahmen-Ausgaben-Rechnungen, Buchhaltung, Bilanzierung, Erstellung von Rechnungsabschl\u00fcssen f\u00fcr Vereine, Lohnverrechnung f\u00fcr K\u00fcnstler\/innen, Freiberufler\/innen, kleine und mittlere Unternehmen.<\/p>\n<p>Am 10.12.2023 feierten wir unser 50 j\u00e4hriges Bestandsjubil\u00e4um.<\/p>\n<p>Sitz: K\u00f6stlergasse 7\/1\/11b, 1060 Wien<\/p>\n<p>UID-Nummer: ATU16067306<\/p>\n<p>Firmenbuchnummer: 117981b<\/p>\n<p>Firmenbuchgericht: Handelsgericht Wien<\/p>\n<p>Mitglied 800865 der Kammer der Wirtschaftstreuh\u00e4nder<\/p>\n<p>Gesch\u00e4ftsf\u00fchrung:<\/p>\n<p>Mag.a Cosima Six, Steuerberaterin<\/p>\n<p><a href=\"https:\/\/www.rbg.info\/wp-content\/uploads\/2018\/05\/Datenschutzerkla\u0308rung-fu\u0308r-Klienten.docx\">Unsere Datenschutzerkl\u00e4rung<\/a> (zum Download)<\/p>\n","protected":false},"excerpt":{"rendered":"Vereine, Freiberufler\/innen, K\u00fcnstler\/innen&#8230; Vereinsberatung ist unsere Spezialit\u00e4t, aber auch Beratung in Steuer- und Sozialversicherungsangelegenheiten, in betriebswirtschaftlichen und gesellschaftsrechtlichen Fragen, Erstellen von Einnahmen-Ausgaben-Rechnungen, Buchhaltung, Bilanzierung, Erstellung von Rechnungsabschl\u00fcssen f\u00fcr Vereine, Lohnverrechnung f\u00fcr K\u00fcnstler\/innen, Freiberufler\/innen, kleine und mittlere Unternehmen. Am 10.12.2023 feierten wir unser 50 j\u00e4hriges Bestandsjubil\u00e4um. Sitz: K\u00f6stlergasse 7\/1\/11b, 1060 Wien UID-Nummer: ATU16067306 Firmenbuchnummer: 117981b Firmenbuchgericht:&#8230; <a class=\"view-article\" href=\"https:\/\/www.rbg.info\/\">View Article<\/a>","protected":false},"author":1,"featured_media":0,"parent":0,"menu_order":0,"comment_status":"closed","ping_status":"closed","template":"","meta":{"footnotes":""},"class_list":["post-4","page","type-page","status-publish","hentry"],"_links":{"self":[{"href":"https:\/\/www.rbg.info\/index.php\/wp-json\/wp\/v2\/pages\/4","targetHints":{"allow":["GET"]}}],"collection":[{"href":"https:\/\/www.rbg.info\/index.php\/wp-json\/wp\/v2\/pages"}],"about":[{"href":"https:\/\/www.rbg.info\/index.php\/wp-json\/wp\/v2\/types\/page"}],"author":[{"embeddable":true,"href":"https:\/\/www.rbg.info\/index.php\/wp-json\/wp\/v2\/users\/1"}],"replies":[{"embeddable":true,"href":"https:\/\/www.rbg.info\/index.php\/wp-json\/wp\/v2\/comments?post=4"}],"version-history":[{"count":28,"href":"https:\/\/www.rbg.info\/index.php\/wp-json\/wp\/v2\/pages\/4\/revisions"}],"predecessor-version":[{"id":570,"href":"https:\/\/www.rbg.info\/index.php\/wp-json\/wp\/v2\/pages\/4\/revisions\/570"}],"wp:attachment":[{"href":"https:\/\/www.rbg.info\/index.php\/wp-json\/wp\/v2\/media?parent=4"}],"curies":[{"name":"wp","href":"https:\/\/api.w.org\/{rel}","templated":true}]}}