{"id":43,"date":"2017-06-27T11:41:12","date_gmt":"2017-06-27T11:41:12","guid":{"rendered":"http:\/\/yweb.yasp.at\/web\/rbg\/?page_id=43"},"modified":"2017-09-06T09:28:44","modified_gmt":"2017-09-06T09:28:44","slug":"rechnungsprufung","status":"publish","type":"page","link":"https:\/\/www.rbg.info\/index.php\/vereine-spezial\/rechnungsprufung\/","title":{"rendered":"Rechnungspr\u00fcfung"},"content":{"rendered":"<div class=\"text-content\">\n<h2>Umfang der Rechnungspr\u00fcfung<\/h2>\n<p>Wenn seitens der Mitglieder\u00a0 keine besonderen Auftr\u00e4ge vorliegen, wird die Rechnungspr\u00fcfung auf folgende Schwerpunkte abgestellt:<\/p>\n<ul>\n<li>materielle Pr\u00fcfung in Stichproben<\/li>\n<li>Pr\u00fcfung des Rechenwerkes, insbesondere der Kontinuit\u00e4t der Bewertungsgrunds\u00e4tze<\/li>\n<li>Gebarungspr\u00fcfung<\/li>\n<li>Beurteilung der steuerlichen Situation<\/li>\n<\/ul>\n<p>Es ist festzustellen, ob:<\/p>\n<ul>\n<li>die get\u00e4tigten Aufwendungen ordnungsgem\u00e4\u00df aufgezeichnet und verbucht wurden,<\/li>\n<li>der Verein\u00a0 \u00fcber die in der Verm\u00f6gensrechnung ausgewiesenen Verm\u00f6gensgegenst\u00e4nde\u00a0 verf\u00fcgen kann,<\/li>\n<li>die Belege der einzelnen Positionen in effizienter Weise auffindbar, einschaubar und\u00a0kontrollierbar sind,<\/li>\n<li>die Gebarung des Vereines\u00a0 nach den Grunds\u00e4tzen der Wirtschaftlichkeit und Kontrollierbarkeit gestaltet wurde.<\/li>\n<\/ul>\n<h2>Pr\u00fcfungshandlungen<\/h2>\n<p>Bezogen auf die T\u00e4tigkeitsbereiche des Vereines wird unter Hinzuziehung des Rechenschaftsberichtes die Belegsammlung mit den Buchungen verglichen. Nach formellen und materiellen Kriterien wird die Verkn\u00fcpfung des Belegwesens, der Buchhaltung und der Verm\u00f6gensrechnung untersucht:<\/p>\n<ul>\n<li>Pr\u00fcfung der ausgewiesenen Anfangs- und Endbest\u00e4nde,<\/li>\n<li>Pr\u00fcfung der Vollst\u00e4ndigkeit des Rechenwerkes und der Belegsammlung,<\/li>\n<li>Belegkontrolle unter Beachtung der geforderten leichten Auffind-, Einschau- und Kontrollierbarkeit,<\/li>\n<li>Steuerliche Beurteilung<\/li>\n<\/ul>\n<\/div>\n","protected":false},"excerpt":{"rendered":"Umfang der Rechnungspr\u00fcfung Wenn seitens der Mitglieder\u00a0 keine besonderen Auftr\u00e4ge vorliegen, wird die Rechnungspr\u00fcfung auf folgende Schwerpunkte abgestellt: materielle Pr\u00fcfung in Stichproben Pr\u00fcfung des Rechenwerkes, insbesondere der Kontinuit\u00e4t der Bewertungsgrunds\u00e4tze Gebarungspr\u00fcfung Beurteilung der steuerlichen Situation Es ist festzustellen, ob: die get\u00e4tigten Aufwendungen ordnungsgem\u00e4\u00df aufgezeichnet und verbucht wurden, der Verein\u00a0 \u00fcber die in der Verm\u00f6gensrechnung ausgewiesenen&#8230; <a class=\"view-article\" href=\"https:\/\/www.rbg.info\/index.php\/vereine-spezial\/rechnungsprufung\/\">View Article<\/a>","protected":false},"author":1,"featured_media":0,"parent":39,"menu_order":1,"comment_status":"closed","ping_status":"closed","template":"","meta":{"footnotes":""},"class_list":["post-43","page","type-page","status-publish","hentry"],"_links":{"self":[{"href":"https:\/\/www.rbg.info\/index.php\/wp-json\/wp\/v2\/pages\/43","targetHints":{"allow":["GET"]}}],"collection":[{"href":"https:\/\/www.rbg.info\/index.php\/wp-json\/wp\/v2\/pages"}],"about":[{"href":"https:\/\/www.rbg.info\/index.php\/wp-json\/wp\/v2\/types\/page"}],"author":[{"embeddable":true,"href":"https:\/\/www.rbg.info\/index.php\/wp-json\/wp\/v2\/users\/1"}],"replies":[{"embeddable":true,"href":"https:\/\/www.rbg.info\/index.php\/wp-json\/wp\/v2\/comments?post=43"}],"version-history":[{"count":3,"href":"https:\/\/www.rbg.info\/index.php\/wp-json\/wp\/v2\/pages\/43\/revisions"}],"predecessor-version":[{"id":102,"href":"https:\/\/www.rbg.info\/index.php\/wp-json\/wp\/v2\/pages\/43\/revisions\/102"}],"up":[{"embeddable":true,"href":"https:\/\/www.rbg.info\/index.php\/wp-json\/wp\/v2\/pages\/39"}],"wp:attachment":[{"href":"https:\/\/www.rbg.info\/index.php\/wp-json\/wp\/v2\/media?parent=43"}],"curies":[{"name":"wp","href":"https:\/\/api.w.org\/{rel}","templated":true}]}}