{"id":47,"date":"2017-06-27T11:44:10","date_gmt":"2017-06-27T11:44:10","guid":{"rendered":"http:\/\/yweb.yasp.at\/web\/rbg\/?page_id=47"},"modified":"2017-09-06T09:36:37","modified_gmt":"2017-09-06T09:36:37","slug":"ihr-weg-zur-steuerlichen-absetzbarkeit","status":"publish","type":"page","link":"https:\/\/www.rbg.info\/index.php\/vereine-spezial\/ihr-weg-zur-steuerlichen-absetzbarkeit\/","title":{"rendered":"Ihr Weg zur steuerlichen Absetzbarkeit"},"content":{"rendered":"<div class=\"text-content\">\n<p>Als Sonderausgabe oder auch als Betriebsausgabe bis zur maximalen H\u00f6he von 10 % des Vorjahreseinkommens sind Spenden an Vereine, deren Zweck ausschlie\u00dflich mildt\u00e4tige oder wissenschaftliche Absichtserkl\u00e4rungen umfasst, von der steuerlichen Bemessungsgrundlage des Spenders abzugsf\u00e4hig und bewirken damit f\u00fcr den Spender einen \u201eRabatt\u201c in der H\u00f6he\u00a0 seiner steuerlichen Endprogression\u00a0 (36 \u2013 50 % der Spende werden \u00fcber die Steuergutschrift \u201erefundiert\u201c.<\/p>\n<p>Voraussetzung der Absetzbarkeit ist, dass der Verein, an den die Spende geht, in einem beim BMF gef\u00fchrten Register als \u201espendenbeg\u00fcnstigter Verein\u201c aufscheint. Mit dem \u201eSteuerzuckerl\u201c der steuerlichen Absetzbarkeit hat der Verein eine wesentlich verbesserte Position f\u00fcr sein fund raising.<\/p>\n<p>Um in dieses Register zu kommen, ist vom Verein ein Antrag* beim BMF zu stellen, wobei bereits bei Antragstellung ein positives Gutachten eines Wirtschaftspr\u00fcfers \u00fcber die tats\u00e4chliche Verwendung der eingehenden Mittel entsprechend der statuarischen mildt\u00e4tigen oder wissenschaftlichen Absichtserkl\u00e4rungen vorliegen mu\u00df.<\/p>\n<p>Zweckm\u00e4\u00dfigerweise sind au\u00dferdem die Statuten darauf hinaus zu pr\u00fcfen, ob sie den Erfordernissen der gesetzlichen Vorgaben in \u00a7 4a EStG entsprechen, wobei dort auch unterschieden wird, ob es sich um einen operativen oder spendensammelnden Verein handelt. Jene Stelle im BMF, welche dann den Bescheid \u00fcber die steuerliche Absetzbarkeit ausstellt, ist auch im Rahmen eines Vorpr\u00fcfungsverfahrens bereit, die Vereinsstatuten zu pr\u00fcfen.<\/p>\n<p>Der Weg zur steuerlichen Absetzbarkeit nun kurz gefasst:<\/p>\n<ol>\n<li>Pr\u00fcfung seitens des Vereines, ob die T\u00e4tigkeit des Vereines mildt\u00e4tig oder wissenschaftlich ist (siehe Beilage unter downloads im pdf-Format:\u00a0Spendenbeg\u00fcnstigungscheck) Anpassung der Statuten an diese T\u00e4tigkeit, Einbau von speziellen Formulierungen wie Anzeigepflichten an das BMF, strenge Widmungsauflagen etc.<\/li>\n<li>Vorlage der Statuten an das BMF zur Vorbegutachtung<\/li>\n<li>Beschluss der Statuten nach positiver Vorbegutachtung bzw. vorgenommener Ab\u00e4nderung nach den Vorgaben des BMF, Einreichung Vereinsbeh\u00f6rde*<\/li>\n<li>Gutachten als Best\u00e4tigung des Wirtschaftspr\u00fcfersf\u00fcr das vergangene Jahr, bei Erstantrag betreffend die letzten drei Jahre des Vereines oder Vort\u00e4tigkeiten<\/li>\n<li>Antrag des Vereines an das BMF mit Vorlage Gutachten des Wirtschaftspr\u00fcfers, Statuten, aktueller Vereinsregisterauszug bis zum bescheidm\u00e4\u00dfigen Stichtag (in der Regel 9 Monate nach Ende des Rechnungsjahres)<\/li>\n<\/ol>\n<p>Die Betreuung der Schritte 1 \u2013 4 erfolgt \u00fcber die RBG GmbH, das Gutachten des Wirtschaftspr\u00fcfers durch unseren Gesch\u00e4ftsf\u00fchrer.<\/p>\n<p>* Muster unter Vorlagen im doc-Format<\/p>\n<\/div>\n","protected":false},"excerpt":{"rendered":"Als Sonderausgabe oder auch als Betriebsausgabe bis zur maximalen H\u00f6he von 10 % des Vorjahreseinkommens sind Spenden an Vereine, deren Zweck ausschlie\u00dflich mildt\u00e4tige oder wissenschaftliche Absichtserkl\u00e4rungen umfasst, von der steuerlichen Bemessungsgrundlage des Spenders abzugsf\u00e4hig und bewirken damit f\u00fcr den Spender einen \u201eRabatt\u201c in der H\u00f6he\u00a0 seiner steuerlichen Endprogression\u00a0 (36 \u2013 50 % der Spende werden&#8230; <a class=\"view-article\" href=\"https:\/\/www.rbg.info\/index.php\/vereine-spezial\/ihr-weg-zur-steuerlichen-absetzbarkeit\/\">View Article<\/a>","protected":false},"author":1,"featured_media":0,"parent":39,"menu_order":3,"comment_status":"closed","ping_status":"closed","template":"","meta":{"footnotes":""},"class_list":["post-47","page","type-page","status-publish","hentry"],"_links":{"self":[{"href":"https:\/\/www.rbg.info\/index.php\/wp-json\/wp\/v2\/pages\/47","targetHints":{"allow":["GET"]}}],"collection":[{"href":"https:\/\/www.rbg.info\/index.php\/wp-json\/wp\/v2\/pages"}],"about":[{"href":"https:\/\/www.rbg.info\/index.php\/wp-json\/wp\/v2\/types\/page"}],"author":[{"embeddable":true,"href":"https:\/\/www.rbg.info\/index.php\/wp-json\/wp\/v2\/users\/1"}],"replies":[{"embeddable":true,"href":"https:\/\/www.rbg.info\/index.php\/wp-json\/wp\/v2\/comments?post=47"}],"version-history":[{"count":2,"href":"https:\/\/www.rbg.info\/index.php\/wp-json\/wp\/v2\/pages\/47\/revisions"}],"predecessor-version":[{"id":107,"href":"https:\/\/www.rbg.info\/index.php\/wp-json\/wp\/v2\/pages\/47\/revisions\/107"}],"up":[{"embeddable":true,"href":"https:\/\/www.rbg.info\/index.php\/wp-json\/wp\/v2\/pages\/39"}],"wp:attachment":[{"href":"https:\/\/www.rbg.info\/index.php\/wp-json\/wp\/v2\/media?parent=47"}],"curies":[{"name":"wp","href":"https:\/\/api.w.org\/{rel}","templated":true}]}}