{"id":49,"date":"2017-06-27T11:45:35","date_gmt":"2017-06-27T11:45:35","guid":{"rendered":"http:\/\/yweb.yasp.at\/web\/rbg\/?page_id=49"},"modified":"2017-09-06T11:11:17","modified_gmt":"2017-09-06T11:11:17","slug":"termine","status":"publish","type":"page","link":"https:\/\/www.rbg.info\/index.php\/termine\/","title":{"rendered":"Termine"},"content":{"rendered":"<div class=\"text-content\">\n<h2>verl\u00e4ngerbare Termine<\/h2>\n<ul>\n<li>Einreichung der Jahressteuererkl\u00e4rungen (Umsatz-, Einkommen- K\u00f6rperschaftssteuer etc.) \u2013 allerdings, wenn der \u201eGeduldfaden des Finanzamtes rei\u00dft kommt es zu einer sch\u00e4tzungsweisen Feststellung, Zwangstrafen und Versp\u00e4tungszuschl\u00e4gen<\/li>\n<li>Arbeitnehmerveranlagung nach Aufforderung durch das Finanzamt wegen mehr als\u00a0ein Lohnzettel oder Check Freibetragsbescheid<\/li>\n<\/ul>\n<h2>nicht verl\u00e4ngerbare Termine<\/h2>\n<ul>\n<li>Herabsetzung der Vorauszahlungen laufendes Jahr \u2013 siehe Angebote\/Zusammenarbeit<\/li>\n<li>Umsatzsteuervoranmeldungen 45 Tage nach Monats\/Quartalsende<\/li>\n<li>Widerruf Regelbesteuerung \u2013 siehe Allgemeines\/Fristen<\/li>\n<li>Antrag auf Verl\u00e4ngerung<\/li>\n<li>Antrag auf Verl\u00e4ngerung der steuerlichen Absetzbarkeit s. Vereine spezial<\/li>\n<li>Vorsteuerr\u00fcckerstattung aus EU-Mitgliedsstaaten siehe Wichtige Termine<\/li>\n<li>6 Monate nach Bilanzstichtag bzw. Jahresende:<br \/>\nErstellung der Bilanz ( GmbH etc.<br \/>\nErstellung des Rechenschaftsberichtes (Vereine)<\/li>\n<li>Einreichung Firmenbuch sp\u00e4testens 9 Monate nach Ende des Bilanzstichtages<\/li>\n<\/ul>\n<\/div>\n","protected":false},"excerpt":{"rendered":"verl\u00e4ngerbare Termine Einreichung der Jahressteuererkl\u00e4rungen (Umsatz-, Einkommen- K\u00f6rperschaftssteuer etc.) \u2013 allerdings, wenn der \u201eGeduldfaden des Finanzamtes rei\u00dft kommt es zu einer sch\u00e4tzungsweisen Feststellung, Zwangstrafen und Versp\u00e4tungszuschl\u00e4gen Arbeitnehmerveranlagung nach Aufforderung durch das Finanzamt wegen mehr als\u00a0ein Lohnzettel oder Check Freibetragsbescheid nicht verl\u00e4ngerbare Termine Herabsetzung der Vorauszahlungen laufendes Jahr \u2013 siehe Angebote\/Zusammenarbeit Umsatzsteuervoranmeldungen 45 Tage nach Monats\/Quartalsende&#8230; <a class=\"view-article\" href=\"https:\/\/www.rbg.info\/index.php\/termine\/\">View Article<\/a>","protected":false},"author":1,"featured_media":0,"parent":0,"menu_order":4,"comment_status":"closed","ping_status":"closed","template":"","meta":{"footnotes":""},"class_list":["post-49","page","type-page","status-publish","hentry"],"_links":{"self":[{"href":"https:\/\/www.rbg.info\/index.php\/wp-json\/wp\/v2\/pages\/49","targetHints":{"allow":["GET"]}}],"collection":[{"href":"https:\/\/www.rbg.info\/index.php\/wp-json\/wp\/v2\/pages"}],"about":[{"href":"https:\/\/www.rbg.info\/index.php\/wp-json\/wp\/v2\/types\/page"}],"author":[{"embeddable":true,"href":"https:\/\/www.rbg.info\/index.php\/wp-json\/wp\/v2\/users\/1"}],"replies":[{"embeddable":true,"href":"https:\/\/www.rbg.info\/index.php\/wp-json\/wp\/v2\/comments?post=49"}],"version-history":[{"count":2,"href":"https:\/\/www.rbg.info\/index.php\/wp-json\/wp\/v2\/pages\/49\/revisions"}],"predecessor-version":[{"id":125,"href":"https:\/\/www.rbg.info\/index.php\/wp-json\/wp\/v2\/pages\/49\/revisions\/125"}],"wp:attachment":[{"href":"https:\/\/www.rbg.info\/index.php\/wp-json\/wp\/v2\/media?parent=49"}],"curies":[{"name":"wp","href":"https:\/\/api.w.org\/{rel}","templated":true}]}}