{"id":51,"date":"2017-06-27T11:46:39","date_gmt":"2017-06-27T11:46:39","guid":{"rendered":"http:\/\/yweb.yasp.at\/web\/rbg\/?page_id=51"},"modified":"2017-09-06T11:19:27","modified_gmt":"2017-09-06T11:19:27","slug":"die-wichtigsten-steuerzahlungstermine","status":"publish","type":"page","link":"https:\/\/www.rbg.info\/index.php\/termine\/die-wichtigsten-steuerzahlungstermine\/","title":{"rendered":"Die wichtigsten Steuerzahlungstermine"},"content":{"rendered":"<div class=\"text-content\">\n<p>Vorauszahlungen f\u00fcr <strong>Einkommensteuer <\/strong>und <strong>K\u00f6rperschaftssteuer<\/strong>, <strong>Kammerumlage <\/strong>u.a.:<\/p>\n<p>15. Februar, 15. Mai, 15. August, 15. November<\/p>\n<p><strong>Lohnsteuer<\/strong>, <strong>Dienstgeberbeitrag<\/strong>, <strong>Zuschlag zum Dienstgeberbeitrag <\/strong>u.a.:<\/p>\n<p>am 15. des Folgemonats<\/p>\n<p><strong>Umsatzsteuer<\/strong><\/p>\n<p>15. Februar, 15.Mai, 15. August, 15. November (bei einem Netto-Vorjahresjahresumsatz bis \u20ac 100.000,&#8211;)<\/p>\n<p>am 15. des \u00fcbern\u00e4chsten Monats, z. B. 15. M\u00e4rz f\u00fcr J\u00e4nner, 15. April f\u00fcr Februar (bei einem Netto-Vorjahresjahresumsatz \u00fcber \u20ac 100.000,&#8211;)<\/p>\n<p><strong>Achtung:<\/strong> Die Umsatzsteuer ist eine so genannte &#8220;Selbstbemessungsabgabe&#8221;, d.h. diese muss vom Steuerzahler\/von der Steuerzahlerin selbst berechnet sowie fristgerecht gemeldet und bezahlt werden.<\/p>\n<p>Vergessen Sie auch nicht die weiteren Meldepflichten (siehe Men\u00fcpunkt Termine f\u00fcr Steuererkl\u00e4rungen)!<\/p>\n<p><strong>Haben Sie einen aufrechten Regelbesteuerungsantrag (Bindefrist 5 Jahre)?<\/strong><\/p>\n<p>Nach Ablauf von 5 Jahren nachdem der Regelbesteuerungsantrag gestellt wurde ist bis 31. J\u00e4nner (!) m\u00f6glich, diesen zu widerrufen, ansonsten gilt die Regelbesteuerung ein weiteres Jahr!<\/p>\n<p>Beispiel: Im Jahr 2010 war der Jahresumsatz unter \u20ac 30.000,-. Es wurde als Kleinunternehmer\/in ein Regelbesteuerungsantrag gestellt, erst im Jahr 2015 ist es wieder m\u00f6glich, die Kleinunternehmerregelung in Anspruch zu nehmen. Allerdings ist ein Widerruf bis 31.1.2015 fristgerecht einzubringen!<\/p>\n<\/div>\n","protected":false},"excerpt":{"rendered":"Vorauszahlungen f\u00fcr Einkommensteuer und K\u00f6rperschaftssteuer, Kammerumlage u.a.: 15. Februar, 15. Mai, 15. August, 15. November Lohnsteuer, Dienstgeberbeitrag, Zuschlag zum Dienstgeberbeitrag u.a.: am 15. des Folgemonats Umsatzsteuer 15. Februar, 15.Mai, 15. August, 15. November (bei einem Netto-Vorjahresjahresumsatz bis \u20ac 100.000,&#8211;) am 15. des \u00fcbern\u00e4chsten Monats, z. B. 15. M\u00e4rz f\u00fcr J\u00e4nner, 15. April f\u00fcr Februar (bei&#8230; <a class=\"view-article\" href=\"https:\/\/www.rbg.info\/index.php\/termine\/die-wichtigsten-steuerzahlungstermine\/\">View Article<\/a>","protected":false},"author":1,"featured_media":0,"parent":49,"menu_order":0,"comment_status":"closed","ping_status":"closed","template":"","meta":{"footnotes":""},"class_list":["post-51","page","type-page","status-publish","hentry"],"_links":{"self":[{"href":"https:\/\/www.rbg.info\/index.php\/wp-json\/wp\/v2\/pages\/51","targetHints":{"allow":["GET"]}}],"collection":[{"href":"https:\/\/www.rbg.info\/index.php\/wp-json\/wp\/v2\/pages"}],"about":[{"href":"https:\/\/www.rbg.info\/index.php\/wp-json\/wp\/v2\/types\/page"}],"author":[{"embeddable":true,"href":"https:\/\/www.rbg.info\/index.php\/wp-json\/wp\/v2\/users\/1"}],"replies":[{"embeddable":true,"href":"https:\/\/www.rbg.info\/index.php\/wp-json\/wp\/v2\/comments?post=51"}],"version-history":[{"count":5,"href":"https:\/\/www.rbg.info\/index.php\/wp-json\/wp\/v2\/pages\/51\/revisions"}],"predecessor-version":[{"id":129,"href":"https:\/\/www.rbg.info\/index.php\/wp-json\/wp\/v2\/pages\/51\/revisions\/129"}],"up":[{"embeddable":true,"href":"https:\/\/www.rbg.info\/index.php\/wp-json\/wp\/v2\/pages\/49"}],"wp:attachment":[{"href":"https:\/\/www.rbg.info\/index.php\/wp-json\/wp\/v2\/media?parent=51"}],"curies":[{"name":"wp","href":"https:\/\/api.w.org\/{rel}","templated":true}]}}