{"id":54,"date":"2017-06-27T11:51:52","date_gmt":"2017-06-27T11:51:52","guid":{"rendered":"http:\/\/yweb.yasp.at\/web\/rbg\/?page_id=54"},"modified":"2017-06-27T11:51:52","modified_gmt":"2017-06-27T11:51:52","slug":"wichtige-termine","status":"publish","type":"page","link":"https:\/\/www.rbg.info\/index.php\/termine\/wichtige-termine\/","title":{"rendered":"Wichtige Termine"},"content":{"rendered":"<div class=\"text-content\">\n<p><strong>Frist f\u00fcr Vorsteuerr\u00fcckerstattung aus EU-Mitgliedstaaten<\/strong><\/p>\n<p>30. September des Folgejahres via FinanzOnline<\/p>\n<p>Die \u00f6sterreichische Finanzverwaltung pr\u00fcft den Antrag auf Vollst\u00e4ndigkeit und leitet diesen an den zust\u00e4ndigen Mitgliedstaat weiter. Eine Vorlage der Originalbelege oder Kopien ist dabei nicht vorgesehen, au\u00dfer das erstattende Land fordert dies gesondert an.<\/p>\n<p><strong>Herabsetzungsantr\u00e4ge und Anspruchsverzinsung<\/strong><\/p>\n<p>Bis sp\u00e4testens 30. September k\u00f6nnen noch Herabsetzungsantr\u00e4ge f\u00fcr die Vorauszahlungen (Einkommen- und K\u00f6rpersschaftsteuer) des laufenden Jahres gestellt werden. Wesentliche Bestandteile eines Antrags sind die schl\u00fcssige Begr\u00fcndung der gew\u00fcnschten Herabsetzung der Vorauszahlung sowie eine Prognoserechnung.<\/p>\n<p>Mit 1. Oktober beginnen f\u00fcr die zu diesem Zeitpunkt noch nicht bescheidm\u00e4\u00dfig veranlagten Einkommen- oder K\u00f6rperschaftsteuer-Anspr\u00fcche des vorangegangenen Veranlagungsjahr Anspruchszinsen zu laufen. Dieser bel\u00e4uft sich mit 2% \u00fcber dem Basiszinssatz. Mit einer Anzahlung der zu erwartenden Nachzahlung kann dem entgegengewirkt werden. Wurde dies bislang verabs\u00e4umt, so tritt trotzdem keine Belastung ein, so lange die Nachforderungszinsen 50 \u20ac nicht \u00fcbersteigen.<\/p>\n<p><strong>Firmenbuch: Elektronische Einreichung des Jahresabschlusses (GmbHs)<\/strong><\/p>\n<p>Die verpflichtende Form der elektronischen Einreichung beim Firmenbuchgericht hat f\u00fcr Jahresabschl\u00fcsse zum 31.12. des vergangenen Jahres per 30.9. des laufenden Jahres zu erfolgen (sonst 9 Monate nach Ende des Wirtschaftsjahres). Bei nicht ordnungsgem\u00e4\u00dfer und somit auch bei versp\u00e4teter Einreichung drohen empfindliche\u00a0Zwangsstrafen.<\/p>\n<\/div>\n","protected":false},"excerpt":{"rendered":"Frist f\u00fcr Vorsteuerr\u00fcckerstattung aus EU-Mitgliedstaaten 30. September des Folgejahres via FinanzOnline Die \u00f6sterreichische Finanzverwaltung pr\u00fcft den Antrag auf Vollst\u00e4ndigkeit und leitet diesen an den zust\u00e4ndigen Mitgliedstaat weiter. Eine Vorlage der Originalbelege oder Kopien ist dabei nicht vorgesehen, au\u00dfer das erstattende Land fordert dies gesondert an. Herabsetzungsantr\u00e4ge und Anspruchsverzinsung Bis sp\u00e4testens 30. September k\u00f6nnen noch Herabsetzungsantr\u00e4ge&#8230; <a class=\"view-article\" href=\"https:\/\/www.rbg.info\/index.php\/termine\/wichtige-termine\/\">View Article<\/a>","protected":false},"author":1,"featured_media":0,"parent":49,"menu_order":1,"comment_status":"closed","ping_status":"closed","template":"","meta":{"footnotes":""},"class_list":["post-54","page","type-page","status-publish","hentry"],"_links":{"self":[{"href":"https:\/\/www.rbg.info\/index.php\/wp-json\/wp\/v2\/pages\/54","targetHints":{"allow":["GET"]}}],"collection":[{"href":"https:\/\/www.rbg.info\/index.php\/wp-json\/wp\/v2\/pages"}],"about":[{"href":"https:\/\/www.rbg.info\/index.php\/wp-json\/wp\/v2\/types\/page"}],"author":[{"embeddable":true,"href":"https:\/\/www.rbg.info\/index.php\/wp-json\/wp\/v2\/users\/1"}],"replies":[{"embeddable":true,"href":"https:\/\/www.rbg.info\/index.php\/wp-json\/wp\/v2\/comments?post=54"}],"version-history":[{"count":1,"href":"https:\/\/www.rbg.info\/index.php\/wp-json\/wp\/v2\/pages\/54\/revisions"}],"predecessor-version":[{"id":55,"href":"https:\/\/www.rbg.info\/index.php\/wp-json\/wp\/v2\/pages\/54\/revisions\/55"}],"up":[{"embeddable":true,"href":"https:\/\/www.rbg.info\/index.php\/wp-json\/wp\/v2\/pages\/49"}],"wp:attachment":[{"href":"https:\/\/www.rbg.info\/index.php\/wp-json\/wp\/v2\/media?parent=54"}],"curies":[{"name":"wp","href":"https:\/\/api.w.org\/{rel}","templated":true}]}}