{"id":56,"date":"2017-06-27T11:53:48","date_gmt":"2017-06-27T11:53:48","guid":{"rendered":"http:\/\/yweb.yasp.at\/web\/rbg\/?page_id=56"},"modified":"2017-09-06T11:28:38","modified_gmt":"2017-09-06T11:28:38","slug":"einhaltung","status":"publish","type":"page","link":"https:\/\/www.rbg.info\/index.php\/termine\/einhaltung\/","title":{"rendered":"Einhaltung"},"content":{"rendered":"<h1>Bearbeitung<\/h1>\n<div class=\"text-content\">\n<p>Haben Sie bitte Verst\u00e4ndnis daf\u00fcr, dass wir Ihre Steueragenden nicht am letzten Tag der gesetzlichen bzw. der beantragten Frist \u00fcbernehmen und auch erledigen k\u00f6nnen.<\/p>\n<p>Unterlagen f\u00fcr die Erstellung der <strong>Umsatzsteuervoranmeldung <\/strong>\u00fcbergeben Sie uns bitte oder vereinbaren Sie einen pers\u00f6nlichen Termin sp\u00e4testens 10 Tage nach Monats- bzw. Quartalsende.<\/p>\n<p>Die Unterlagen bzw. die Daten f\u00fcr Ihre <strong>Einkommensteuer\u2013Jahreserkl\u00e4rung <\/strong>erwarten wir bis 31. M\u00e4rz des Folgejahres \u2013 damit haben wir mit der Einteilung unserer Arbeitskapazit\u00e4ten kein Problem. Bekommen wir Ihre Unterlagen sp\u00e4ter, kommt es bei<br \/>\nEinreichungen nach dem 1. Oktober zu einer Verzinsung einer allf\u00e4lligen Nachzahlung, und auch einer Pauschalgeb\u00fchr f\u00fcr unsere Fristenwahrung. Ohne dieser Fristenwahrung wird vom Finanzamt eines S\u00e4umnisgeb\u00fchr verrechnet und kann es auch zu einem Versp\u00e4tungszuschlag oder der Verh\u00e4ngung einer Zwangsstrafe kommen.<\/p>\n<p>Die Lohnzettel &#8211; Daten f\u00fcr die Durchf\u00fchrung der <strong>Arbeitnehmerveranlagung <\/strong>sind beim Finanzamt sp\u00e4testens am 28. Februar eingelangt, soda\u00df einer Bearbeitung nichts mehr im Wege steht.<\/p>\n<p>Das Steuerwesen kn\u00fcpft an die famili\u00e4ren Umst\u00e4nde, die sich von Jahr zu Jahr laufend Ver\u00e4ndern k\u00f6nnen, viele Beg\u00fcnstigungen an. Wundern Sie sich daher nicht, dass wir bei der Bearbeitung der Jahreserkl\u00e4rung \u201eintime\u201c Fragen stellen m\u00fcssen, um alle f\u00fcr Sie in Betracht kommenden Beg\u00fcnstigungen zu beantragen.<\/p>\n<p>Dies betrifft nicht nur die Ausgaben f\u00fcr Kranken- und Lebensversicherungen, Wohnraumsanierung oder \u2013errichtung, Kirchensteuer und Spenden sondern auch Krankheiten, welche eine Di\u00e4tverpflegung bedingen, k\u00f6rperliche Behinderungen nicht nur Ihre sondern auch der von Angeh\u00f6rigen, Ausgaben Kuraufenthalte, Arzt- und Medikamentkosten, Kosten f\u00fcr Kinderbetreuung, au\u00dfergew\u00f6hnliche Umst\u00e4nde aus dem Arbeitsverh\u00e4ltnis, wie doppelte Haushaltsf\u00fchrung, mangelnde Kostenrefundierung des Arbeitsgebers, Teilung des Kinderfreibetrages mit Ehegatten oder Lebensgef\u00e4hrten&#8230;..<\/p>\n<\/div>\n","protected":false},"excerpt":{"rendered":"Bearbeitung Haben Sie bitte Verst\u00e4ndnis daf\u00fcr, dass wir Ihre Steueragenden nicht am letzten Tag der gesetzlichen bzw. der beantragten Frist \u00fcbernehmen und auch erledigen k\u00f6nnen. Unterlagen f\u00fcr die Erstellung der Umsatzsteuervoranmeldung \u00fcbergeben Sie uns bitte oder vereinbaren Sie einen pers\u00f6nlichen Termin sp\u00e4testens 10 Tage nach Monats- bzw. Quartalsende. Die Unterlagen bzw. die Daten f\u00fcr Ihre&#8230; <a class=\"view-article\" href=\"https:\/\/www.rbg.info\/index.php\/termine\/einhaltung\/\">View Article<\/a>","protected":false},"author":1,"featured_media":0,"parent":49,"menu_order":2,"comment_status":"closed","ping_status":"closed","template":"page_notitle.php","meta":{"footnotes":""},"class_list":["post-56","page","type-page","status-publish","hentry"],"_links":{"self":[{"href":"https:\/\/www.rbg.info\/index.php\/wp-json\/wp\/v2\/pages\/56","targetHints":{"allow":["GET"]}}],"collection":[{"href":"https:\/\/www.rbg.info\/index.php\/wp-json\/wp\/v2\/pages"}],"about":[{"href":"https:\/\/www.rbg.info\/index.php\/wp-json\/wp\/v2\/types\/page"}],"author":[{"embeddable":true,"href":"https:\/\/www.rbg.info\/index.php\/wp-json\/wp\/v2\/users\/1"}],"replies":[{"embeddable":true,"href":"https:\/\/www.rbg.info\/index.php\/wp-json\/wp\/v2\/comments?post=56"}],"version-history":[{"count":2,"href":"https:\/\/www.rbg.info\/index.php\/wp-json\/wp\/v2\/pages\/56\/revisions"}],"predecessor-version":[{"id":130,"href":"https:\/\/www.rbg.info\/index.php\/wp-json\/wp\/v2\/pages\/56\/revisions\/130"}],"up":[{"embeddable":true,"href":"https:\/\/www.rbg.info\/index.php\/wp-json\/wp\/v2\/pages\/49"}],"wp:attachment":[{"href":"https:\/\/www.rbg.info\/index.php\/wp-json\/wp\/v2\/media?parent=56"}],"curies":[{"name":"wp","href":"https:\/\/api.w.org\/{rel}","templated":true}]}}